{"id":1143,"date":"2026-02-08T10:41:08","date_gmt":"2026-02-08T10:41:08","guid":{"rendered":"https:\/\/bulliatdaniel.com\/dr\/?post_type=product&#038;p=1143"},"modified":"2026-02-08T11:00:40","modified_gmt":"2026-02-08T11:00:40","slug":"morgon-fut-de-chene","status":"publish","type":"product","link":"https:\/\/bulliatdaniel.com\/dr\/product\/morgon-fut-de-chene\/","title":{"rendered":"Morgon F\u00fbt de ch\u00eane"},"content":{"rendered":"<p>Cuv\u00e9e cru Morgon \u00e9lev\u00e9e en f\u00fbt de ch\u00eane<\/p>\n","protected":false},"excerpt":{"rendered":"<p>Morgon<\/p>\n","protected":false},"featured_media":1140,"template":"","meta":[],"product_brand":[],"product_cat":[55],"product_tag":[59,74,57],"class_list":{"0":"post-1143","1":"product","2":"type-product","3":"status-publish","4":"has-post-thumbnail","6":"product_cat-cru-du-beaujolais","7":"product_tag-cru","8":"product_tag-fut-de-chene","9":"product_tag-rouge","11":"first","12":"instock","13":"downloadable","14":"shipping-taxable","15":"product-type-simple"},"_links":{"self":[{"href":"https:\/\/bulliatdaniel.com\/dr\/wp-json\/wp\/v2\/product\/1143","targetHints":{"allow":["GET"]}}],"collection":[{"href":"https:\/\/bulliatdaniel.com\/dr\/wp-json\/wp\/v2\/product"}],"about":[{"href":"https:\/\/bulliatdaniel.com\/dr\/wp-json\/wp\/v2\/types\/product"}],"version-history":[{"count":1,"href":"https:\/\/bulliatdaniel.com\/dr\/wp-json\/wp\/v2\/product\/1143\/revisions"}],"predecessor-version":[{"id":1144,"href":"https:\/\/bulliatdaniel.com\/dr\/wp-json\/wp\/v2\/product\/1143\/revisions\/1144"}],"wp:featuredmedia":[{"embeddable":true,"href":"https:\/\/bulliatdaniel.com\/dr\/wp-json\/wp\/v2\/media\/1140"}],"wp:attachment":[{"href":"https:\/\/bulliatdaniel.com\/dr\/wp-json\/wp\/v2\/media?parent=1143"}],"wp:term":[{"taxonomy":"product_brand","embeddable":true,"href":"https:\/\/bulliatdaniel.com\/dr\/wp-json\/wp\/v2\/product_brand?post=1143"},{"taxonomy":"product_cat","embeddable":true,"href":"https:\/\/bulliatdaniel.com\/dr\/wp-json\/wp\/v2\/product_cat?post=1143"},{"taxonomy":"product_tag","embeddable":true,"href":"https:\/\/bulliatdaniel.com\/dr\/wp-json\/wp\/v2\/product_tag?post=1143"}],"curies":[{"name":"wp","href":"https:\/\/api.w.org\/{rel}","templated":true}]}}