{"id":1136,"date":"2026-01-21T06:55:25","date_gmt":"2026-01-21T06:55:25","guid":{"rendered":"https:\/\/bulliatdaniel.com\/dr\/?post_type=product&#038;p=1136"},"modified":"2026-02-08T12:52:52","modified_gmt":"2026-02-08T12:52:52","slug":"beaujolais-blanc-caractere-ab","status":"publish","type":"product","link":"https:\/\/bulliatdaniel.com\/dr\/product\/beaujolais-blanc-caractere-ab\/","title":{"rendered":"Beaujolais Blanc &#8220;Caract\u00e8re&#8221; AB"},"content":{"rendered":"<p>Cuv\u00e9e de Beaujolais Blanc &#8220;caract\u00e8re&#8221; issu des terroirs de Belleville en Beaujolais avec un \u00e9levage partiel en f\u00fbt de ch\u00eane.<\/p>\n","protected":false},"excerpt":{"rendered":"<p>Cuv\u00e9e de Beaujolais Blanc &#8220;caract\u00e8re&#8221; issu des terroirs de Belleville en Beaujolais avec un \u00e9levage partiel en f\u00fbt de ch\u00eane.<\/p>\n","protected":false},"featured_media":1137,"template":"","meta":[],"product_brand":[],"product_cat":[60,56],"product_tag":[58,65],"class_list":{"0":"post-1136","1":"product","2":"type-product","3":"status-publish","4":"has-post-thumbnail","6":"product_cat-beaujolais","7":"product_cat-gamme-bio","8":"product_tag-bio","9":"product_tag-blanc","11":"first","12":"instock","13":"shipping-taxable","14":"product-type-simple"},"_links":{"self":[{"href":"https:\/\/bulliatdaniel.com\/dr\/wp-json\/wp\/v2\/product\/1136","targetHints":{"allow":["GET"]}}],"collection":[{"href":"https:\/\/bulliatdaniel.com\/dr\/wp-json\/wp\/v2\/product"}],"about":[{"href":"https:\/\/bulliatdaniel.com\/dr\/wp-json\/wp\/v2\/types\/product"}],"version-history":[{"count":3,"href":"https:\/\/bulliatdaniel.com\/dr\/wp-json\/wp\/v2\/product\/1136\/revisions"}],"predecessor-version":[{"id":1149,"href":"https:\/\/bulliatdaniel.com\/dr\/wp-json\/wp\/v2\/product\/1136\/revisions\/1149"}],"wp:featuredmedia":[{"embeddable":true,"href":"https:\/\/bulliatdaniel.com\/dr\/wp-json\/wp\/v2\/media\/1137"}],"wp:attachment":[{"href":"https:\/\/bulliatdaniel.com\/dr\/wp-json\/wp\/v2\/media?parent=1136"}],"wp:term":[{"taxonomy":"product_brand","embeddable":true,"href":"https:\/\/bulliatdaniel.com\/dr\/wp-json\/wp\/v2\/product_brand?post=1136"},{"taxonomy":"product_cat","embeddable":true,"href":"https:\/\/bulliatdaniel.com\/dr\/wp-json\/wp\/v2\/product_cat?post=1136"},{"taxonomy":"product_tag","embeddable":true,"href":"https:\/\/bulliatdaniel.com\/dr\/wp-json\/wp\/v2\/product_tag?post=1136"}],"curies":[{"name":"wp","href":"https:\/\/api.w.org\/{rel}","templated":true}]}}