{"id":1124,"date":"2026-01-20T17:48:29","date_gmt":"2026-01-20T17:48:29","guid":{"rendered":"https:\/\/bulliatdaniel.com\/dr\/?post_type=product&#038;p=1124"},"modified":"2026-02-08T13:02:24","modified_gmt":"2026-02-08T13:02:24","slug":"beaujolais-rose","status":"publish","type":"product","link":"https:\/\/bulliatdaniel.com\/dr\/product\/beaujolais-rose\/","title":{"rendered":"Beaujolais Ros\u00e9"},"content":{"rendered":"<p>Ce ros\u00e9 issu d&#8217;une presse direct de nos Gamay offre un vin frais et \u00e9l\u00e9gant<\/p>\n","protected":false},"excerpt":{"rendered":"<p>Ce ros\u00e9 issu d&#8217;une presse direct de nos Gamay offre un vin frais et \u00e9l\u00e9gant<\/p>\n","protected":false},"featured_media":1141,"template":"","meta":[],"product_brand":[],"product_cat":[60],"product_tag":[63,62],"class_list":{"0":"post-1124","1":"product","2":"type-product","3":"status-publish","4":"has-post-thumbnail","6":"product_cat-beaujolais","7":"product_tag-petillant","8":"product_tag-rose","10":"first","11":"instock","12":"shipping-taxable","13":"product-type-simple"},"_links":{"self":[{"href":"https:\/\/bulliatdaniel.com\/dr\/wp-json\/wp\/v2\/product\/1124","targetHints":{"allow":["GET"]}}],"collection":[{"href":"https:\/\/bulliatdaniel.com\/dr\/wp-json\/wp\/v2\/product"}],"about":[{"href":"https:\/\/bulliatdaniel.com\/dr\/wp-json\/wp\/v2\/types\/product"}],"version-history":[{"count":3,"href":"https:\/\/bulliatdaniel.com\/dr\/wp-json\/wp\/v2\/product\/1124\/revisions"}],"predecessor-version":[{"id":1151,"href":"https:\/\/bulliatdaniel.com\/dr\/wp-json\/wp\/v2\/product\/1124\/revisions\/1151"}],"wp:featuredmedia":[{"embeddable":true,"href":"https:\/\/bulliatdaniel.com\/dr\/wp-json\/wp\/v2\/media\/1141"}],"wp:attachment":[{"href":"https:\/\/bulliatdaniel.com\/dr\/wp-json\/wp\/v2\/media?parent=1124"}],"wp:term":[{"taxonomy":"product_brand","embeddable":true,"href":"https:\/\/bulliatdaniel.com\/dr\/wp-json\/wp\/v2\/product_brand?post=1124"},{"taxonomy":"product_cat","embeddable":true,"href":"https:\/\/bulliatdaniel.com\/dr\/wp-json\/wp\/v2\/product_cat?post=1124"},{"taxonomy":"product_tag","embeddable":true,"href":"https:\/\/bulliatdaniel.com\/dr\/wp-json\/wp\/v2\/product_tag?post=1124"}],"curies":[{"name":"wp","href":"https:\/\/api.w.org\/{rel}","templated":true}]}}