{"id":1120,"date":"2026-01-20T17:26:53","date_gmt":"2026-01-20T17:26:53","guid":{"rendered":"https:\/\/bulliatdaniel.com\/dr\/?post_type=product&#038;p=1120"},"modified":"2026-02-08T13:10:45","modified_gmt":"2026-02-08T13:10:45","slug":"moulin-a-vent","status":"publish","type":"product","link":"https:\/\/bulliatdaniel.com\/dr\/product\/moulin-a-vent\/","title":{"rendered":"Moulin \u00e0 Vent"},"content":{"rendered":"<p>Cuv\u00e9e de Moulin \u00e0 Vent issu d&#8217;un assemblage de nos parcelles &#8220;Le vieux Bourg&#8221; \u00e0 Ch\u00e9nas et &#8220;En Brenay&#8221; \u00e0 Roman\u00e8che<\/p>\n","protected":false},"excerpt":{"rendered":"<p>Cuv\u00e9e de Moulin \u00e0 Vent issu d&#8217;un assemblage de nos parcelles &#8220;Le vieux Bourg&#8221; \u00e0 Ch\u00e9nas et &#8220;En Brenay&#8221; \u00e0 Roman\u00e8che<\/p>\n","protected":false},"featured_media":1113,"template":"","meta":[],"product_brand":[],"product_cat":[55],"product_tag":[59,57],"class_list":{"0":"post-1120","1":"product","2":"type-product","3":"status-publish","4":"has-post-thumbnail","6":"product_cat-cru-du-beaujolais","7":"product_tag-cru","8":"product_tag-rouge","10":"first","11":"instock","12":"shipping-taxable","13":"product-type-simple"},"_links":{"self":[{"href":"https:\/\/bulliatdaniel.com\/dr\/wp-json\/wp\/v2\/product\/1120","targetHints":{"allow":["GET"]}}],"collection":[{"href":"https:\/\/bulliatdaniel.com\/dr\/wp-json\/wp\/v2\/product"}],"about":[{"href":"https:\/\/bulliatdaniel.com\/dr\/wp-json\/wp\/v2\/types\/product"}],"version-history":[{"count":3,"href":"https:\/\/bulliatdaniel.com\/dr\/wp-json\/wp\/v2\/product\/1120\/revisions"}],"predecessor-version":[{"id":1152,"href":"https:\/\/bulliatdaniel.com\/dr\/wp-json\/wp\/v2\/product\/1120\/revisions\/1152"}],"wp:featuredmedia":[{"embeddable":true,"href":"https:\/\/bulliatdaniel.com\/dr\/wp-json\/wp\/v2\/media\/1113"}],"wp:attachment":[{"href":"https:\/\/bulliatdaniel.com\/dr\/wp-json\/wp\/v2\/media?parent=1120"}],"wp:term":[{"taxonomy":"product_brand","embeddable":true,"href":"https:\/\/bulliatdaniel.com\/dr\/wp-json\/wp\/v2\/product_brand?post=1120"},{"taxonomy":"product_cat","embeddable":true,"href":"https:\/\/bulliatdaniel.com\/dr\/wp-json\/wp\/v2\/product_cat?post=1120"},{"taxonomy":"product_tag","embeddable":true,"href":"https:\/\/bulliatdaniel.com\/dr\/wp-json\/wp\/v2\/product_tag?post=1120"}],"curies":[{"name":"wp","href":"https:\/\/api.w.org\/{rel}","templated":true}]}}