{"id":191,"date":"2016-05-10T11:24:07","date_gmt":"2016-05-10T11:24:07","guid":{"rendered":"https:\/\/bulliatdaniel.com\/dr\/?page_id=191"},"modified":"2026-01-20T20:30:11","modified_gmt":"2026-01-20T20:30:11","slug":"home-2","status":"publish","type":"page","link":"https:\/\/bulliatdaniel.com\/dr\/","title":{"rendered":"Accueil"},"content":{"rendered":"<p>[vc_row][vc_column]<div class=\"sc_section section_style_underline aligncenter\"><div class=\"sc_section_inner\"><h6 class=\"sc_section_subtitle sc_item_subtitle\">Vignerons du Beaujolais<\/h6><h3 class=\"sc_section_title sc_item_title\">Domaine Bulliat Daniel et R\u00e9gis<\/h3><div class=\"sc_section_descr sc_item_descr\">\u00c0 travers sept appellations du Beaujolais, partez \u00e0 la rencontre de nos vins et explorez la diversit\u00e9 et la typicit\u00e9 des terroirs qui fa\u00e7onnent le Beaujolais<\/div><div class=\"sc_section_content_wrap\"><\/div><\/div><\/div>[\/vc_column][\/vc_row][vc_row inverse=&#8221;&#8221; css=&#8221;.vc_custom_1768589355488{background-color: #5e5e5e !important;}&#8221;][vc_column css=&#8221;.vc_custom_1463482078652{margin-top: 1.8rem !important;margin-bottom: 1.8rem !important;}&#8221;]<div id=\"sc_testimonials_2009424900\" class=\"sc_testimonials sc_testimonials_style_testimonials-1  testimonials_transparent\" style=\"width:100%;\"><h6 class=\"sc_testimonials_subtitle sc_item_subtitle\">Notre Vignoble<\/h6><div class=\"sc_slider_swiper swiper-slider-container sc_slider_nopagination sc_slider_controls sc_slider_controls_side\" data-interval=\"9126\" data-slides-min-width=\"250\"><div class=\"slides swiper-wrapper\"><div class=\"swiper-slide\" data-style=\"width:100%;\" style=\"width:100%;\">\t\t\t<div id=\"sc_testimonials_2009424900_1\" class=\"sc_testimonial_item\">\n\t\t\t\t<div class=\"sc_testimonial_content\"><p>\"D\u00e9couvrez nos diff\u00e9rentes appellations : Beaujolais Blanc, Beaujolais Villages, Chiroubles, Morgon, Cote de Brouilly, Fleurie, Moulin \u00e0 Vent\"<\/p>\n<\/div>\n\t\t\t\t\t\t\t\t<div class=\"sc_testimonial_avatar\"><img decoding=\"async\" class=\"wp-post-image\" width=\"75\" height=\"75\" alt=\"Nos appellations\" src=\"https:\/\/bulliatdaniel.com\/dr\/wp-content\/uploads\/2026\/01\/Logo-Blanc-sans-fond-e1767819070363-75x75.png\"><\/div>\n\t\t\t\t\t\t\t\t\t\t\t<\/div>\n\t\t<\/div><div class=\"swiper-slide\" data-style=\"width:100%;\" style=\"width:100%;\">\t\t\t<div id=\"sc_testimonials_2009424900_2\" class=\"sc_testimonial_item\">\n\t\t\t\t<div class=\"sc_testimonial_content\"><p>\u201cImplant\u00e9es sur une dizaine de communes, nos vignes nous permettent d\u2019explorer toute la diversit\u00e9 des terroirs du Beaujolais\"<\/p>\n<\/div>\n\t\t\t\t\t\t\t\t<div class=\"sc_testimonial_avatar\"><img decoding=\"async\" class=\"wp-post-image\" width=\"75\" height=\"75\" alt=\"Notre parcellaire\" src=\"https:\/\/bulliatdaniel.com\/dr\/wp-content\/uploads\/2026\/01\/Logo-Blanc-sans-fond-e1767819070363-75x75.png\"><\/div>\n\t\t\t\t\t\t\t\t\t\t\t<\/div>\n\t\t<\/div><div class=\"swiper-slide\" data-style=\"width:100%;\" style=\"width:100%;\">\t\t\t<div id=\"sc_testimonials_2009424900_3\" class=\"sc_testimonial_item\">\n\t\t\t\t<div class=\"sc_testimonial_content\"><p>\u201cD\u00e9couvrez la richesse et la polyvalence du Gamay et l'expression du chardonnay sur les terroirs Beaujolais\u201d<\/p>\n<\/div>\n\t\t\t\t\t\t\t\t<div class=\"sc_testimonial_avatar\"><img decoding=\"async\" class=\"wp-post-image\" width=\"75\" height=\"75\" alt=\"Nos c\u00e9pages\" src=\"https:\/\/bulliatdaniel.com\/dr\/wp-content\/uploads\/2026\/01\/Logo-Blanc-sans-fond-e1767819070363-75x75.png\"><\/div>\n\t\t\t\t\t\t\t\t\t\t\t<\/div>\n\t\t<\/div><\/div><div class=\"sc_slider_controls_wrap\"><a class=\"sc_slider_prev\" href=\"#\"><\/a><a class=\"sc_slider_next\" href=\"#\"><\/a><\/div><div class=\"sc_slider_pagination_wrap\"><\/div><\/div><\/div>[\/vc_column][\/vc_row][vc_row][vc_column]<div class=\"sc_section section_style_left aligncenter\"><div class=\"sc_section_inner\"><h3 class=\"sc_section_title sc_item_title\">Aper\u00e7u de nos Vins<\/h3><div class=\"sc_section_content_wrap\"><div class=\"woocommerce columns-4 \"><ul class=\"products columns-4\">\n<li class=\"product type-product post-1065 status-publish first instock product_cat-beaujolais product_cat-gamme-bio product_tag-bio product_tag-rouge has-post-thumbnail shipping-taxable product-type-simple\">\n\t<a href=\"https:\/\/bulliatdaniel.com\/dr\/product\/beaujolais-beaujeu-ab\/\" class=\"woocommerce-LoopProduct-link woocommerce-loop-product__link\"><img loading=\"lazy\" decoding=\"async\" width=\"624\" height=\"800\" src=\"https:\/\/bulliatdaniel.com\/dr\/wp-content\/uploads\/2026\/01\/Beaujolais-Beaujeu-624x800.jpg\" class=\"attachment-woocommerce_thumbnail size-woocommerce_thumbnail\" alt=\"Beaujolais Beaujeu AB\" \/><h2 class=\"woocommerce-loop-product__title 12345\"><a href=\"https:\/\/bulliatdaniel.com\/dr\/product\/beaujolais-beaujeu-ab\/\">Beaujolais Beaujeu AB<\/a><\/h2>\n<\/a><\/li>\n<li class=\"product type-product post-1067 status-publish instock product_cat-cru-du-beaujolais product_tag-rouge has-post-thumbnail shipping-taxable product-type-simple\">\n\t<a href=\"https:\/\/bulliatdaniel.com\/dr\/product\/chiroubles\/\" class=\"woocommerce-LoopProduct-link woocommerce-loop-product__link\"><img loading=\"lazy\" decoding=\"async\" width=\"624\" height=\"800\" src=\"https:\/\/bulliatdaniel.com\/dr\/wp-content\/uploads\/2026\/01\/Chiroubles-HVE-624x800.png\" class=\"attachment-woocommerce_thumbnail size-woocommerce_thumbnail\" alt=\"Chiroubles\" \/><h2 class=\"woocommerce-loop-product__title 12345\"><a href=\"https:\/\/bulliatdaniel.com\/dr\/product\/chiroubles\/\">Chiroubles<\/a><\/h2>\n<\/a><\/li>\n<li class=\"product type-product post-1034 status-publish instock product_cat-cru-du-beaujolais product_cat-gamme-bio product_tag-bio product_tag-cru product_tag-rouge has-post-thumbnail shipping-taxable product-type-simple\">\n\t<a href=\"https:\/\/bulliatdaniel.com\/dr\/product\/fleurie-grille-midi-ab\/\" class=\"woocommerce-LoopProduct-link woocommerce-loop-product__link\"><img loading=\"lazy\" decoding=\"async\" width=\"624\" height=\"800\" src=\"https:\/\/bulliatdaniel.com\/dr\/wp-content\/uploads\/2026\/01\/Fleurie-Grille-Midi-AB-624x800.jpg\" class=\"attachment-woocommerce_thumbnail size-woocommerce_thumbnail\" alt=\"Fleurie &quot;Grille Midi&quot; AB\" \/><h2 class=\"woocommerce-loop-product__title 12345\"><a href=\"https:\/\/bulliatdaniel.com\/dr\/product\/fleurie-grille-midi-ab\/\">Fleurie &#8220;Grille Midi&#8221; AB<\/a><\/h2>\n<\/a><\/li>\n<li class=\"product type-product post-1070 status-publish last instock product_cat-nosatypiques product_tag-petillant product_tag-rose has-post-thumbnail shipping-taxable product-type-simple\">\n\t<a href=\"https:\/\/bulliatdaniel.com\/dr\/product\/la-pierreuse\/\" class=\"woocommerce-LoopProduct-link woocommerce-loop-product__link\"><img loading=\"lazy\" decoding=\"async\" width=\"624\" height=\"800\" src=\"https:\/\/bulliatdaniel.com\/dr\/wp-content\/uploads\/2026\/01\/Pierreuse-624x800.png\" class=\"attachment-woocommerce_thumbnail size-woocommerce_thumbnail\" alt=\"La Pierreuse\" \/><h2 class=\"woocommerce-loop-product__title 12345\"><a href=\"https:\/\/bulliatdaniel.com\/dr\/product\/la-pierreuse\/\">La Pierreuse<\/a><\/h2>\n<\/a><\/li>\n<\/ul>\n<\/div><\/div><\/div><\/div>[\/vc_column][\/vc_row][vc_row content_placement=&#8221;middle&#8221; inverse=&#8221;&#8221; css=&#8221;.vc_custom_1768653189496{background-color: #b2936d !important;}&#8221;][vc_column]<a href=\"\/dr\/shop\" class=\"sc_button sc_button_square sc_button_style_filled sc_button_size_medium alignright  sc_button_iconed icon-arrow\">D\u00e9couvrez toute notre gamme<\/a>[\/vc_column][\/vc_row][vc_row][vc_column]<div class=\"sc_section\"><div class=\"sc_section_inner\"><div class=\"sc_section_content_wrap\"><\/div><\/div><\/div>[\/vc_column][\/vc_row][vc_row][vc_column][vc_empty_space][\/vc_column][\/vc_row]<\/p>\n","protected":false},"excerpt":{"rendered":"<p>[vc_row][vc_column][\/vc_column][\/vc_row][vc_row inverse=&#8221;&#8221; css=&#8221;.vc_custom_1768589355488{background-color: #5e5e5e !important;}&#8221;][vc_column css=&#8221;.vc_custom_1463482078652{margin-top: 1.8rem !important;margin-bottom: 1.8rem !important;}&#8221;][\/vc_column][\/vc_row][vc_row][vc_column][\/vc_column][\/vc_row][vc_row content_placement=&#8221;middle&#8221; inverse=&#8221;&#8221; css=&#8221;.vc_custom_1768653189496{background-color: #b2936d !important;}&#8221;][vc_column][\/vc_column][\/vc_row][vc_row][vc_column][\/vc_column][\/vc_row][vc_row][vc_column][vc_empty_space][\/vc_column][\/vc_row]<\/p>\n","protected":false},"author":1,"featured_media":0,"parent":0,"menu_order":0,"comment_status":"closed","ping_status":"closed","template":"","meta":{"footnotes":""},"class_list":["post-191","page","type-page","status-publish","hentry"],"_links":{"self":[{"href":"https:\/\/bulliatdaniel.com\/dr\/wp-json\/wp\/v2\/pages\/191","targetHints":{"allow":["GET"]}}],"collection":[{"href":"https:\/\/bulliatdaniel.com\/dr\/wp-json\/wp\/v2\/pages"}],"about":[{"href":"https:\/\/bulliatdaniel.com\/dr\/wp-json\/wp\/v2\/types\/page"}],"author":[{"embeddable":true,"href":"https:\/\/bulliatdaniel.com\/dr\/wp-json\/wp\/v2\/users\/1"}],"replies":[{"embeddable":true,"href":"https:\/\/bulliatdaniel.com\/dr\/wp-json\/wp\/v2\/comments?post=191"}],"version-history":[{"count":49,"href":"https:\/\/bulliatdaniel.com\/dr\/wp-json\/wp\/v2\/pages\/191\/revisions"}],"predecessor-version":[{"id":1132,"href":"https:\/\/bulliatdaniel.com\/dr\/wp-json\/wp\/v2\/pages\/191\/revisions\/1132"}],"wp:attachment":[{"href":"https:\/\/bulliatdaniel.com\/dr\/wp-json\/wp\/v2\/media?parent=191"}],"curies":[{"name":"wp","href":"https:\/\/api.w.org\/{rel}","templated":true}]}}